{"id":1809,"date":"2019-07-14T21:44:50","date_gmt":"2019-07-14T19:44:50","guid":{"rendered":"https:\/\/healthytouch.pl\/glowna\/"},"modified":"2026-03-17T23:16:52","modified_gmt":"2026-03-17T22:16:52","slug":"glowna","status":"publish","type":"page","link":"https:\/\/healthytouch.pl\/en\/","title":{"rendered":"Home"},"content":{"rendered":"","protected":false},"excerpt":{"rendered":"","protected":false},"author":1,"featured_media":0,"parent":0,"menu_order":0,"comment_status":"closed","ping_status":"closed","template":"template-pages\/page-front.php","meta":{"_acf_changed":false},"class_list":["post-1809","page","type-page","status-publish","hentry"],"acf":[],"yoast_head":"<!-- This site is optimized with the Yoast SEO plugin v24.9 - https:\/\/yoast.com\/wordpress\/plugins\/seo\/ -->\n<title>Massage Rzesz\u00f3w - The most recommended massages and physiotherapy - Healthy Touch<\/title>\n<meta name=\"description\" content=\"Masa\u017c leczniczy i relaksacyjny, kamieniami, miodem, czekolad\u0105, antycellulitowy, narz\u0119dziami, lifting twarzy Kobido. Masa\u017c dla dwojga. Wizyta diagnostyczna.\" \/>\n<meta name=\"robots\" content=\"index, follow, max-snippet:-1, max-image-preview:large, max-video-preview:-1\" \/>\n<link rel=\"canonical\" href=\"https:\/\/healthytouch.pl\/en\/\" \/>\n<meta property=\"og:locale\" content=\"en_US\" \/>\n<meta property=\"og:type\" content=\"article\" \/>\n<meta property=\"og:title\" content=\"Massage Rzesz\u00f3w - The most recommended massages and physiotherapy - Healthy Touch\" \/>\n<meta property=\"og:description\" content=\"Masa\u017c leczniczy i relaksacyjny, kamieniami, miodem, czekolad\u0105, antycellulitowy, narz\u0119dziami, lifting twarzy Kobido. Masa\u017c dla dwojga. Wizyta diagnostyczna.\" \/>\n<meta property=\"og:url\" content=\"https:\/\/healthytouch.pl\/en\/\" \/>\n<meta property=\"og:site_name\" content=\"Masa\u017c Rzesz\u00f3w - Healthy Touch\" \/>\n<meta property=\"article:modified_time\" content=\"2026-03-17T22:16:52+00:00\" \/>\n<meta name=\"twitter:card\" content=\"summary_large_image\" \/>\n<script type=\"application\/ld+json\" class=\"yoast-schema-graph\">{\"@context\":\"https:\/\/schema.org\",\"@graph\":[{\"@type\":\"WebPage\",\"@id\":\"https:\/\/healthytouch.pl\/en\/\",\"url\":\"https:\/\/healthytouch.pl\/en\/\",\"name\":\"Massage Rzesz\u00f3w - The most recommended massages and physiotherapy - Healthy Touch\",\"isPartOf\":{\"@id\":\"https:\/\/healthytouch.pl\/#website\"},\"datePublished\":\"2019-07-14T19:44:50+00:00\",\"dateModified\":\"2026-03-17T22:16:52+00:00\",\"description\":\"Masa\u017c leczniczy i relaksacyjny, kamieniami, miodem, czekolad\u0105, antycellulitowy, narz\u0119dziami, lifting twarzy Kobido. Masa\u017c dla dwojga. Wizyta diagnostyczna.\",\"breadcrumb\":{\"@id\":\"https:\/\/healthytouch.pl\/en\/#breadcrumb\"},\"inLanguage\":\"en-US\",\"potentialAction\":[{\"@type\":\"ReadAction\",\"target\":[\"https:\/\/healthytouch.pl\/en\/\"]}]},{\"@type\":\"BreadcrumbList\",\"@id\":\"https:\/\/healthytouch.pl\/en\/#breadcrumb\",\"itemListElement\":[{\"@type\":\"ListItem\",\"position\":1,\"name\":\"Home\",\"item\":\"https:\/\/healthytouch.pl\/en\/\"},{\"@type\":\"ListItem\",\"position\":2,\"name\":\"Home\"}]},{\"@type\":\"WebSite\",\"@id\":\"https:\/\/healthytouch.pl\/#website\",\"url\":\"https:\/\/healthytouch.pl\/\",\"name\":\"Masa\u017c Rzesz\u00f3w - Healthy Touch\",\"description\":\"Najwy\u017cej oceniane masa\u017ce i fizjoterapia z Healthy Touch\",\"potentialAction\":[{\"@type\":\"SearchAction\",\"target\":{\"@type\":\"EntryPoint\",\"urlTemplate\":\"https:\/\/healthytouch.pl\/?s={search_term_string}\"},\"query-input\":{\"@type\":\"PropertyValueSpecification\",\"valueRequired\":true,\"valueName\":\"search_term_string\"}}],\"inLanguage\":\"en-US\"}]}<\/script>\n<!-- \/ Yoast SEO plugin. -->","yoast_head_json":{"title":"Massage Rzesz\u00f3w - The most recommended massages and physiotherapy - Healthy Touch","description":"Masa\u017c leczniczy i relaksacyjny, kamieniami, miodem, czekolad\u0105, antycellulitowy, narz\u0119dziami, lifting twarzy Kobido. Masa\u017c dla dwojga. Wizyta diagnostyczna.","robots":{"index":"index","follow":"follow","max-snippet":"max-snippet:-1","max-image-preview":"max-image-preview:large","max-video-preview":"max-video-preview:-1"},"canonical":"https:\/\/healthytouch.pl\/en\/","og_locale":"en_US","og_type":"article","og_title":"Massage Rzesz\u00f3w - The most recommended massages and physiotherapy - Healthy Touch","og_description":"Masa\u017c leczniczy i relaksacyjny, kamieniami, miodem, czekolad\u0105, antycellulitowy, narz\u0119dziami, lifting twarzy Kobido. Masa\u017c dla dwojga. Wizyta diagnostyczna.","og_url":"https:\/\/healthytouch.pl\/en\/","og_site_name":"Masa\u017c Rzesz\u00f3w - Healthy Touch","article_modified_time":"2026-03-17T22:16:52+00:00","twitter_card":"summary_large_image","schema":{"@context":"https:\/\/schema.org","@graph":[{"@type":"WebPage","@id":"https:\/\/healthytouch.pl\/en\/","url":"https:\/\/healthytouch.pl\/en\/","name":"Massage Rzesz\u00f3w - The most recommended massages and physiotherapy - Healthy Touch","isPartOf":{"@id":"https:\/\/healthytouch.pl\/#website"},"datePublished":"2019-07-14T19:44:50+00:00","dateModified":"2026-03-17T22:16:52+00:00","description":"Masa\u017c leczniczy i relaksacyjny, kamieniami, miodem, czekolad\u0105, antycellulitowy, narz\u0119dziami, lifting twarzy Kobido. Masa\u017c dla dwojga. Wizyta diagnostyczna.","breadcrumb":{"@id":"https:\/\/healthytouch.pl\/en\/#breadcrumb"},"inLanguage":"en-US","potentialAction":[{"@type":"ReadAction","target":["https:\/\/healthytouch.pl\/en\/"]}]},{"@type":"BreadcrumbList","@id":"https:\/\/healthytouch.pl\/en\/#breadcrumb","itemListElement":[{"@type":"ListItem","position":1,"name":"Home","item":"https:\/\/healthytouch.pl\/en\/"},{"@type":"ListItem","position":2,"name":"Home"}]},{"@type":"WebSite","@id":"https:\/\/healthytouch.pl\/#website","url":"https:\/\/healthytouch.pl\/","name":"Masa\u017c Rzesz\u00f3w - Healthy Touch","description":"Najwy\u017cej oceniane masa\u017ce i fizjoterapia z Healthy Touch","potentialAction":[{"@type":"SearchAction","target":{"@type":"EntryPoint","urlTemplate":"https:\/\/healthytouch.pl\/?s={search_term_string}"},"query-input":{"@type":"PropertyValueSpecification","valueRequired":true,"valueName":"search_term_string"}}],"inLanguage":"en-US"}]}},"_links":{"self":[{"href":"https:\/\/healthytouch.pl\/en\/wp-json\/wp\/v2\/pages\/1809","targetHints":{"allow":["GET"]}}],"collection":[{"href":"https:\/\/healthytouch.pl\/en\/wp-json\/wp\/v2\/pages"}],"about":[{"href":"https:\/\/healthytouch.pl\/en\/wp-json\/wp\/v2\/types\/page"}],"author":[{"embeddable":true,"href":"https:\/\/healthytouch.pl\/en\/wp-json\/wp\/v2\/users\/1"}],"replies":[{"embeddable":true,"href":"https:\/\/healthytouch.pl\/en\/wp-json\/wp\/v2\/comments?post=1809"}],"version-history":[{"count":29,"href":"https:\/\/healthytouch.pl\/en\/wp-json\/wp\/v2\/pages\/1809\/revisions"}],"predecessor-version":[{"id":3081,"href":"https:\/\/healthytouch.pl\/en\/wp-json\/wp\/v2\/pages\/1809\/revisions\/3081"}],"wp:attachment":[{"href":"https:\/\/healthytouch.pl\/en\/wp-json\/wp\/v2\/media?parent=1809"}],"curies":[{"name":"wp","href":"https:\/\/api.w.org\/{rel}","templated":true}]}}