{"id":2264,"date":"2022-01-14T00:54:59","date_gmt":"2022-01-13T23:54:59","guid":{"rendered":"https:\/\/healthytouch.pl\/masaz-dla-dwojga-rzeszow\/"},"modified":"2024-10-28T22:32:03","modified_gmt":"2024-10-28T21:32:03","slug":"massage-for-two","status":"publish","type":"page","link":"https:\/\/healthytouch.pl\/en\/massage-for-two\/","title":{"rendered":"Massage for two"},"content":{"rendered":"","protected":false},"excerpt":{"rendered":"","protected":false},"author":1,"featured_media":0,"parent":0,"menu_order":0,"comment_status":"closed","ping_status":"closed","template":"template-pages\/page-details-offer.php","meta":{"_acf_changed":false},"class_list":["post-2264","page","type-page","status-publish","hentry"],"acf":[],"yoast_head":"<!-- This site is optimized with the Yoast SEO plugin v24.9 - https:\/\/yoast.com\/wordpress\/plugins\/seo\/ -->\n<title>Massage for two - Massage Rzesz\u00f3w - Healthy Touch<\/title>\n<meta name=\"description\" content=\"Profesjonalny masa\u017c dla dwojga, najlepszy prezent dla cia\u0142a i duszy bliskiej osoby. Ponad 15 rodzaj\u00f3w: masa\u017c czekolad\u0105, gor\u0105cymi kamieniami, aromaterapia...\" \/>\n<meta name=\"robots\" content=\"index, follow, max-snippet:-1, max-image-preview:large, max-video-preview:-1\" \/>\n<link rel=\"canonical\" href=\"https:\/\/healthytouch.pl\/en\/massage-for-two\/\" \/>\n<meta property=\"og:locale\" content=\"en_US\" \/>\n<meta property=\"og:type\" content=\"article\" \/>\n<meta property=\"og:title\" content=\"Massage for two - Massage Rzesz\u00f3w - Healthy Touch\" \/>\n<meta property=\"og:description\" content=\"Profesjonalny masa\u017c dla dwojga, najlepszy prezent dla cia\u0142a i duszy bliskiej osoby. Ponad 15 rodzaj\u00f3w: masa\u017c czekolad\u0105, gor\u0105cymi kamieniami, aromaterapia...\" \/>\n<meta property=\"og:url\" content=\"https:\/\/healthytouch.pl\/en\/massage-for-two\/\" \/>\n<meta property=\"og:site_name\" content=\"Masa\u017c Rzesz\u00f3w - Healthy Touch\" \/>\n<meta property=\"article:modified_time\" content=\"2024-10-28T21:32:03+00:00\" \/>\n<meta name=\"twitter:card\" content=\"summary_large_image\" \/>\n<script type=\"application\/ld+json\" class=\"yoast-schema-graph\">{\"@context\":\"https:\/\/schema.org\",\"@graph\":[{\"@type\":\"WebPage\",\"@id\":\"https:\/\/healthytouch.pl\/en\/massage-for-two\/\",\"url\":\"https:\/\/healthytouch.pl\/en\/massage-for-two\/\",\"name\":\"Massage for two - Massage Rzesz\u00f3w - Healthy Touch\",\"isPartOf\":{\"@id\":\"https:\/\/healthytouch.pl\/#website\"},\"datePublished\":\"2022-01-13T23:54:59+00:00\",\"dateModified\":\"2024-10-28T21:32:03+00:00\",\"description\":\"Profesjonalny masa\u017c dla dwojga, najlepszy prezent dla cia\u0142a i duszy bliskiej osoby. Ponad 15 rodzaj\u00f3w: masa\u017c czekolad\u0105, gor\u0105cymi kamieniami, aromaterapia...\",\"breadcrumb\":{\"@id\":\"https:\/\/healthytouch.pl\/en\/massage-for-two\/#breadcrumb\"},\"inLanguage\":\"en-US\",\"potentialAction\":[{\"@type\":\"ReadAction\",\"target\":[\"https:\/\/healthytouch.pl\/en\/massage-for-two\/\"]}]},{\"@type\":\"BreadcrumbList\",\"@id\":\"https:\/\/healthytouch.pl\/en\/massage-for-two\/#breadcrumb\",\"itemListElement\":[{\"@type\":\"ListItem\",\"position\":1,\"name\":\"Home\",\"item\":\"https:\/\/healthytouch.pl\/en\/\"},{\"@type\":\"ListItem\",\"position\":2,\"name\":\"Massage for two\"}]},{\"@type\":\"WebSite\",\"@id\":\"https:\/\/healthytouch.pl\/#website\",\"url\":\"https:\/\/healthytouch.pl\/\",\"name\":\"Masa\u017c Rzesz\u00f3w - Healthy Touch\",\"description\":\"Najwy\u017cej oceniane masa\u017ce i fizjoterapia z Healthy Touch\",\"potentialAction\":[{\"@type\":\"SearchAction\",\"target\":{\"@type\":\"EntryPoint\",\"urlTemplate\":\"https:\/\/healthytouch.pl\/?s={search_term_string}\"},\"query-input\":{\"@type\":\"PropertyValueSpecification\",\"valueRequired\":true,\"valueName\":\"search_term_string\"}}],\"inLanguage\":\"en-US\"}]}<\/script>\n<!-- \/ Yoast SEO plugin. -->","yoast_head_json":{"title":"Massage for two - Massage Rzesz\u00f3w - Healthy Touch","description":"Profesjonalny masa\u017c dla dwojga, najlepszy prezent dla cia\u0142a i duszy bliskiej osoby. Ponad 15 rodzaj\u00f3w: masa\u017c czekolad\u0105, gor\u0105cymi kamieniami, aromaterapia...","robots":{"index":"index","follow":"follow","max-snippet":"max-snippet:-1","max-image-preview":"max-image-preview:large","max-video-preview":"max-video-preview:-1"},"canonical":"https:\/\/healthytouch.pl\/en\/massage-for-two\/","og_locale":"en_US","og_type":"article","og_title":"Massage for two - Massage Rzesz\u00f3w - Healthy Touch","og_description":"Profesjonalny masa\u017c dla dwojga, najlepszy prezent dla cia\u0142a i duszy bliskiej osoby. Ponad 15 rodzaj\u00f3w: masa\u017c czekolad\u0105, gor\u0105cymi kamieniami, aromaterapia...","og_url":"https:\/\/healthytouch.pl\/en\/massage-for-two\/","og_site_name":"Masa\u017c Rzesz\u00f3w - Healthy Touch","article_modified_time":"2024-10-28T21:32:03+00:00","twitter_card":"summary_large_image","schema":{"@context":"https:\/\/schema.org","@graph":[{"@type":"WebPage","@id":"https:\/\/healthytouch.pl\/en\/massage-for-two\/","url":"https:\/\/healthytouch.pl\/en\/massage-for-two\/","name":"Massage for two - Massage Rzesz\u00f3w - Healthy Touch","isPartOf":{"@id":"https:\/\/healthytouch.pl\/#website"},"datePublished":"2022-01-13T23:54:59+00:00","dateModified":"2024-10-28T21:32:03+00:00","description":"Profesjonalny masa\u017c dla dwojga, najlepszy prezent dla cia\u0142a i duszy bliskiej osoby. Ponad 15 rodzaj\u00f3w: masa\u017c czekolad\u0105, gor\u0105cymi kamieniami, aromaterapia...","breadcrumb":{"@id":"https:\/\/healthytouch.pl\/en\/massage-for-two\/#breadcrumb"},"inLanguage":"en-US","potentialAction":[{"@type":"ReadAction","target":["https:\/\/healthytouch.pl\/en\/massage-for-two\/"]}]},{"@type":"BreadcrumbList","@id":"https:\/\/healthytouch.pl\/en\/massage-for-two\/#breadcrumb","itemListElement":[{"@type":"ListItem","position":1,"name":"Home","item":"https:\/\/healthytouch.pl\/en\/"},{"@type":"ListItem","position":2,"name":"Massage for two"}]},{"@type":"WebSite","@id":"https:\/\/healthytouch.pl\/#website","url":"https:\/\/healthytouch.pl\/","name":"Masa\u017c Rzesz\u00f3w - Healthy Touch","description":"Najwy\u017cej oceniane masa\u017ce i fizjoterapia z Healthy Touch","potentialAction":[{"@type":"SearchAction","target":{"@type":"EntryPoint","urlTemplate":"https:\/\/healthytouch.pl\/?s={search_term_string}"},"query-input":{"@type":"PropertyValueSpecification","valueRequired":true,"valueName":"search_term_string"}}],"inLanguage":"en-US"}]}},"_links":{"self":[{"href":"https:\/\/healthytouch.pl\/en\/wp-json\/wp\/v2\/pages\/2264","targetHints":{"allow":["GET"]}}],"collection":[{"href":"https:\/\/healthytouch.pl\/en\/wp-json\/wp\/v2\/pages"}],"about":[{"href":"https:\/\/healthytouch.pl\/en\/wp-json\/wp\/v2\/types\/page"}],"author":[{"embeddable":true,"href":"https:\/\/healthytouch.pl\/en\/wp-json\/wp\/v2\/users\/1"}],"replies":[{"embeddable":true,"href":"https:\/\/healthytouch.pl\/en\/wp-json\/wp\/v2\/comments?post=2264"}],"version-history":[{"count":4,"href":"https:\/\/healthytouch.pl\/en\/wp-json\/wp\/v2\/pages\/2264\/revisions"}],"predecessor-version":[{"id":3030,"href":"https:\/\/healthytouch.pl\/en\/wp-json\/wp\/v2\/pages\/2264\/revisions\/3030"}],"wp:attachment":[{"href":"https:\/\/healthytouch.pl\/en\/wp-json\/wp\/v2\/media?parent=2264"}],"curies":[{"name":"wp","href":"https:\/\/api.w.org\/{rel}","templated":true}]}}